{"id":31,"date":"2024-07-05T22:02:00","date_gmt":"2024-07-05T22:02:00","guid":{"rendered":"http:\/\/amazoniasites.com.br\/demo1\/?page_id=31"},"modified":"2024-07-05T20:49:46","modified_gmt":"2024-07-05T20:49:46","slug":"contato","status":"publish","type":"page","link":"https:\/\/clinicasabbag.com.br\/portal_cid\/contato\/","title":{"rendered":"CONTATO"},"content":{"rendered":"<p>Para entrar em contato:<\/p>\n<p><strong>email:<\/strong> atendimento@clinicasabbag.com.br<\/p>\n<p><strong>Telefones:<\/strong> (11) 3284-6662<\/p>\n<pre><strong>Whats App <\/strong>11 97161-3513\n\n<strong>Endere\u00e7o:<\/strong><\/pre>\n<figure id=\"attachment_585\" aria-describedby=\"caption-attachment-585\" style=\"width: 300px\" class=\"wp-caption alignnone\"><img loading=\"lazy\" class=\"size-medium wp-image-585\" src=\"http:\/\/clinicasabbag2.hospedagemdesites.ws\/portal_cid\/wp-content\/uploads\/2015\/07\/mapa-consultorio-300x156.png\" alt=\"\" width=\"300\" height=\"156\" srcset=\"https:\/\/clinicasabbag.com.br\/portal_cid\/wp-content\/uploads\/2015\/07\/mapa-consultorio-300x156.png 300w, https:\/\/clinicasabbag.com.br\/portal_cid\/wp-content\/uploads\/2015\/07\/mapa-consultorio.png 632w\" sizes=\"(max-width: 300px) 100vw, 300px\" \/><figcaption id=\"caption-attachment-585\" class=\"wp-caption-text\">Clique no link abaixo:<\/figcaption><\/figure>\n<p><a href=\"https:\/\/www.google.com.br\/maps\/place\/Cl%C3%ADnica+Sabbag\/@-23.5681031,-46.6459431,17z\/data=!3m1!4b1!4m5!3m4!1s0x94ce59bd01e76c6b:0xa99245fe80520992!8m2!3d-23.568108!4d-46.6437544\">Pra\u00e7a Amadeu Amaral 47 4o.andar conj.47 Paraiso CEP 01327-010 S\u00e3o Paulo<\/a><\/p>\n","protected":false},"excerpt":{"rendered":"<p>Para entrar em contato: email: atendimento@clinicasabbag.com.br Telefones: (11) 3284-6662 Whats App 11 97161-3513 Endere\u00e7o: Pra\u00e7a Amadeu Amaral 47 4o.andar conj.47 Paraiso CEP 01327-010 S\u00e3o Paulo<\/p>\n","protected":false},"author":1,"featured_media":0,"parent":0,"menu_order":0,"comment_status":"open","ping_status":"open","template":"","meta":[],"blog_post_layout_featured_media_urls":{"thumbnail":"","full":""},"categories_names":null,"comments_number":"0","wpmagazine_modules_lite_featured_media_urls":{"thumbnail":"","cvmm-medium":"","cvmm-medium-plus":"","cvmm-portrait":"","cvmm-medium-square":"","cvmm-large":"","cvmm-small":"","full":""},"_links":{"self":[{"href":"https:\/\/clinicasabbag.com.br\/portal_cid\/wp-json\/wp\/v2\/pages\/31"}],"collection":[{"href":"https:\/\/clinicasabbag.com.br\/portal_cid\/wp-json\/wp\/v2\/pages"}],"about":[{"href":"https:\/\/clinicasabbag.com.br\/portal_cid\/wp-json\/wp\/v2\/types\/page"}],"author":[{"embeddable":true,"href":"https:\/\/clinicasabbag.com.br\/portal_cid\/wp-json\/wp\/v2\/users\/1"}],"replies":[{"embeddable":true,"href":"https:\/\/clinicasabbag.com.br\/portal_cid\/wp-json\/wp\/v2\/comments?post=31"}],"version-history":[{"count":4,"href":"https:\/\/clinicasabbag.com.br\/portal_cid\/wp-json\/wp\/v2\/pages\/31\/revisions"}],"predecessor-version":[{"id":2293,"href":"https:\/\/clinicasabbag.com.br\/portal_cid\/wp-json\/wp\/v2\/pages\/31\/revisions\/2293"}],"wp:attachment":[{"href":"https:\/\/clinicasabbag.com.br\/portal_cid\/wp-json\/wp\/v2\/media?parent=31"}],"curies":[{"name":"wp","href":"https:\/\/api.w.org\/{rel}","templated":true}]}}